{"id":2576,"date":"2017-04-24T03:57:13","date_gmt":"2017-04-24T03:57:13","guid":{"rendered":"http:\/\/demo2.drfuri.com\/unero\/?page_id=2576"},"modified":"2025-06-13T06:22:43","modified_gmt":"2025-06-13T06:22:43","slug":"home-category","status":"publish","type":"page","link":"https:\/\/ekapelusze.pl\/","title":{"rendered":"Home Category"},"content":{"rendered":"<div class=\"wpb-content-wrapper\"><p>[vc_row full_width=&#8221;stretch_row_content_no_spaces&#8221;][vc_column]<div class=\"unero-sliders  style-2 no-preloader\"><ul id=\"unero-sliders-69f316bc0d8ce\"><li><div class=\"featured-img\" style=\"background-image: url(https:\/\/ekapelusze.pl\/wp-content\/uploads\/2025\/06\/Projekt-bez-nazwy-4.jpg)\"><\/div><div class=\"cs-content text-left\"><div class=\"container\"><div class=\"cs-layer\"><div class=\"title\" >Stylowe kapelusze na ka\u017cd\u0105 okazj\u0119\nOdkryj kolekcj\u0119 wyj\u0105tkowych kapeluszy,\nkt\u00f3re \u0142\u0105cz\u0105 elegancj\u0119 z wygod\u0105. \nIdealne na lato, jesie\u0144 i stylowe wyj\u015bcia<\/div><a href=\"https:\/\/ekapelusze.pl\/?page_id=2915\" class=\"link\"  >Shop Now<\/a><\/div><\/div><\/div><\/li> <li><div class=\"featured-img\" style=\"background-image: url(https:\/\/ekapelusze.pl\/wp-content\/uploads\/2025\/06\/Projekt-bez-nazwy-6.jpg)\"><\/div><div class=\"cs-content text-left\"><div class=\"container\"><div class=\"cs-layer\"><div class=\"title\" >Stylowe kapelusze na ka\u017cd\u0105 okazj\u0119\nOdkryj kolekcj\u0119 wyj\u0105tkowych kapeluszy,\nkt\u00f3re \u0142\u0105cz\u0105 elegancj\u0119 z wygod\u0105. \nIdealne na lato, jesie\u0144 i stylowe wyj\u015bcia<\/div><a href=\"https:\/\/ekapelusze.pl\/?page_id=2915\" class=\"link\"  >Shop Now<\/a><\/div><\/div><\/div><\/li><\/ul><\/div>[\/vc_column][\/vc_row][vc_row][vc_column][vc_empty_space height=&#8221;0px&#8221; el_class=&#8221;no-margin-mobile&#8221; css=&#8221;.vc_custom_1749795705526{margin-top: 70px !important;}&#8221;][\/vc_column][\/vc_row][vc_row][vc_column][vc_separator color=&#8221;custom&#8221; accent_color=&#8221;#e1e1e1&#8243;]<div class=\"unero-section-title \"><\/div><div class=\"woocommerce columns-4 \"><ul class=\"products columns-4\">\n<li class=\"product type-product post-3053 status-publish first instock product_cat-uncategorized has-post-thumbnail shipping-taxable purchasable product-type-variable\">\n\t<a href=\"https:\/\/ekapelusze.pl\/?product=kapelusz-vintage-nomad-z-filcu-z-piorami-i-nadrukiem-etnicznym-copy\" class=\"woocommerce-LoopProduct-link woocommerce-loop-product__link\">\t<div class=\"un-product-thumbnail\">\n\t\t<img loading=\"lazy\" decoding=\"async\" width=\"300\" height=\"300\" src=\"https:\/\/ekapelusze.pl\/wp-content\/uploads\/2025\/06\/d17070d3-1788-42f6-86c4-f6ef2ccc3579-300x300.webp\" class=\"attachment-woocommerce_thumbnail size-woocommerce_thumbnail\" alt=\"Kapelusz &quot;Vintage Nomad&quot; \u2013 z filcu z pi\u00f3rami i nadrukiem etnicznym (Copy)\" srcset=\"https:\/\/ekapelusze.pl\/wp-content\/uploads\/2025\/06\/d17070d3-1788-42f6-86c4-f6ef2ccc3579-300x300.webp 300w, https:\/\/ekapelusze.pl\/wp-content\/uploads\/2025\/06\/d17070d3-1788-42f6-86c4-f6ef2ccc3579-150x150.webp 150w, https:\/\/ekapelusze.pl\/wp-content\/uploads\/2025\/06\/d17070d3-1788-42f6-86c4-f6ef2ccc3579-768x768.webp 768w, https:\/\/ekapelusze.pl\/wp-content\/uploads\/2025\/06\/d17070d3-1788-42f6-86c4-f6ef2ccc3579-370x370.webp 370w, https:\/\/ekapelusze.pl\/wp-content\/uploads\/2025\/06\/d17070d3-1788-42f6-86c4-f6ef2ccc3579-540x540.webp 540w, https:\/\/ekapelusze.pl\/wp-content\/uploads\/2025\/06\/d17070d3-1788-42f6-86c4-f6ef2ccc3579-600x600.webp 600w, https:\/\/ekapelusze.pl\/wp-content\/uploads\/2025\/06\/d17070d3-1788-42f6-86c4-f6ef2ccc3579-100x100.webp 100w, https:\/\/ekapelusze.pl\/wp-content\/uploads\/2025\/06\/d17070d3-1788-42f6-86c4-f6ef2ccc3579.webp 800w\" sizes=\"auto, (max-width: 300px) 100vw, 300px\" \/>\t<\/div>\n\t<div class=\"un-product-details\">\n\t\t<h2 class=\"woocommerce-loop-product__title\">Kapelusz &#8222;Vintage Nomad&#8221; \u2013 z filcu z pi\u00f3rami i nadrukiem etnicznym (Copy)<\/h2>\n\t<span class=\"price\"><span class=\"woocommerce-Price-amount amount\"><bdi>120,00&nbsp;<span class=\"woocommerce-Price-currencySymbol\">&#122;&#322;<\/span><\/bdi><\/span><\/span>\n<\/a><a rel=\"nofollow\"  href=\"https:\/\/ekapelusze.pl\/?product=kapelusz-vintage-nomad-z-filcu-z-piorami-i-nadrukiem-etnicznym-copy\" aria-describedby=\"woocommerce_loop_add_to_cart_link_describedby_3053\" data-quantity=\"1\" data-product_id=\"3053\" data-product_sku=\"\" class=\"button product_type_variable add_to_cart_button\" ><i class=\"p-icon icon-bag2\" rel=\"tooltip\" data-original-title=\"Wybierz opcje\"><\/i><span class=\"add-to-cart-text\">Wybierz opcje<\/span><\/a>\n\t<span id=\"woocommerce_loop_add_to_cart_link_describedby_3053\" class=\"screen-reader-text\">\n\t\tTen produkt ma wiele wariant\u00f3w. Opcje mo\u017cna wybra\u0107 na stronie produktu\t<\/span>\n\t<\/div>\n<\/li>\n<li class=\"product type-product post-3057 status-publish instock product_cat-uncategorized has-post-thumbnail shipping-taxable purchasable product-type-variable\">\n\t<a href=\"https:\/\/ekapelusze.pl\/?product=kapelusz-vintage-nomad-z-filcu-z-piorami-i-nadrukiem-etnicznym-copy-2\" class=\"woocommerce-LoopProduct-link woocommerce-loop-product__link\">\t<div class=\"un-product-thumbnail\">\n\t\t<img loading=\"lazy\" decoding=\"async\" width=\"300\" height=\"300\" src=\"https:\/\/ekapelusze.pl\/wp-content\/uploads\/2025\/06\/d17070d3-1788-42f6-86c4-f6ef2ccc3579-300x300.webp\" class=\"attachment-woocommerce_thumbnail size-woocommerce_thumbnail\" alt=\"Kapelusz &quot;Vintage Nomad&quot; \u2013 z filcu z pi\u00f3rami i nadrukiem etnicznym (Copy)\" srcset=\"https:\/\/ekapelusze.pl\/wp-content\/uploads\/2025\/06\/d17070d3-1788-42f6-86c4-f6ef2ccc3579-300x300.webp 300w, https:\/\/ekapelusze.pl\/wp-content\/uploads\/2025\/06\/d17070d3-1788-42f6-86c4-f6ef2ccc3579-150x150.webp 150w, https:\/\/ekapelusze.pl\/wp-content\/uploads\/2025\/06\/d17070d3-1788-42f6-86c4-f6ef2ccc3579-768x768.webp 768w, https:\/\/ekapelusze.pl\/wp-content\/uploads\/2025\/06\/d17070d3-1788-42f6-86c4-f6ef2ccc3579-370x370.webp 370w, https:\/\/ekapelusze.pl\/wp-content\/uploads\/2025\/06\/d17070d3-1788-42f6-86c4-f6ef2ccc3579-540x540.webp 540w, https:\/\/ekapelusze.pl\/wp-content\/uploads\/2025\/06\/d17070d3-1788-42f6-86c4-f6ef2ccc3579-600x600.webp 600w, https:\/\/ekapelusze.pl\/wp-content\/uploads\/2025\/06\/d17070d3-1788-42f6-86c4-f6ef2ccc3579-100x100.webp 100w, https:\/\/ekapelusze.pl\/wp-content\/uploads\/2025\/06\/d17070d3-1788-42f6-86c4-f6ef2ccc3579.webp 800w\" sizes=\"auto, (max-width: 300px) 100vw, 300px\" \/>\t<\/div>\n\t<div class=\"un-product-details\">\n\t\t<h2 class=\"woocommerce-loop-product__title\">Kapelusz &#8222;Vintage Nomad&#8221; \u2013 z filcu z pi\u00f3rami i nadrukiem etnicznym (Copy)<\/h2>\n\t<span class=\"price\"><span class=\"woocommerce-Price-amount amount\"><bdi>120,00&nbsp;<span class=\"woocommerce-Price-currencySymbol\">&#122;&#322;<\/span><\/bdi><\/span><\/span>\n<\/a><a rel=\"nofollow\"  href=\"https:\/\/ekapelusze.pl\/?product=kapelusz-vintage-nomad-z-filcu-z-piorami-i-nadrukiem-etnicznym-copy-2\" aria-describedby=\"woocommerce_loop_add_to_cart_link_describedby_3057\" data-quantity=\"1\" data-product_id=\"3057\" data-product_sku=\"\" class=\"button product_type_variable add_to_cart_button\" ><i class=\"p-icon icon-bag2\" rel=\"tooltip\" data-original-title=\"Wybierz opcje\"><\/i><span class=\"add-to-cart-text\">Wybierz opcje<\/span><\/a>\n\t<span id=\"woocommerce_loop_add_to_cart_link_describedby_3057\" class=\"screen-reader-text\">\n\t\tTen produkt ma wiele wariant\u00f3w. Opcje mo\u017cna wybra\u0107 na stronie produktu\t<\/span>\n\t<\/div>\n<\/li>\n<li class=\"product type-product post-3061 status-publish instock product_cat-uncategorized has-post-thumbnail shipping-taxable purchasable product-type-variable\">\n\t<a href=\"https:\/\/ekapelusze.pl\/?product=kapelusz-vintage-nomad-z-filcu-z-piorami-i-nadrukiem-etnicznym-copy-3\" class=\"woocommerce-LoopProduct-link woocommerce-loop-product__link\">\t<div class=\"un-product-thumbnail\">\n\t\t<img loading=\"lazy\" decoding=\"async\" width=\"300\" height=\"300\" src=\"https:\/\/ekapelusze.pl\/wp-content\/uploads\/2025\/06\/2463a707-6acb-4ae2-88ef-8f0f2a0b3868-300x300.png\" class=\"attachment-woocommerce_thumbnail size-woocommerce_thumbnail\" alt=\"Kapelusz \u201eRetro Rider\u201d \u2013 jazzowy filcowy klasyk z klamr\u0105\" srcset=\"https:\/\/ekapelusze.pl\/wp-content\/uploads\/2025\/06\/2463a707-6acb-4ae2-88ef-8f0f2a0b3868-300x300.png 300w, https:\/\/ekapelusze.pl\/wp-content\/uploads\/2025\/06\/2463a707-6acb-4ae2-88ef-8f0f2a0b3868-150x150.png 150w, https:\/\/ekapelusze.pl\/wp-content\/uploads\/2025\/06\/2463a707-6acb-4ae2-88ef-8f0f2a0b3868-768x768.png 768w, https:\/\/ekapelusze.pl\/wp-content\/uploads\/2025\/06\/2463a707-6acb-4ae2-88ef-8f0f2a0b3868-370x370.png 370w, https:\/\/ekapelusze.pl\/wp-content\/uploads\/2025\/06\/2463a707-6acb-4ae2-88ef-8f0f2a0b3868-540x540.png 540w, https:\/\/ekapelusze.pl\/wp-content\/uploads\/2025\/06\/2463a707-6acb-4ae2-88ef-8f0f2a0b3868-600x600.png 600w, https:\/\/ekapelusze.pl\/wp-content\/uploads\/2025\/06\/2463a707-6acb-4ae2-88ef-8f0f2a0b3868-100x100.png 100w, https:\/\/ekapelusze.pl\/wp-content\/uploads\/2025\/06\/2463a707-6acb-4ae2-88ef-8f0f2a0b3868.png 800w\" sizes=\"auto, (max-width: 300px) 100vw, 300px\" \/>\t<\/div>\n\t<div class=\"un-product-details\">\n\t\t<h2 class=\"woocommerce-loop-product__title\">Kapelusz \u201eRetro Rider\u201d \u2013 jazzowy filcowy klasyk z klamr\u0105<\/h2>\n\t<span class=\"price\"><span class=\"woocommerce-Price-amount amount\"><bdi>99,00&nbsp;<span class=\"woocommerce-Price-currencySymbol\">&#122;&#322;<\/span><\/bdi><\/span><\/span>\n<\/a><a rel=\"nofollow\"  href=\"https:\/\/ekapelusze.pl\/?product=kapelusz-vintage-nomad-z-filcu-z-piorami-i-nadrukiem-etnicznym-copy-3\" aria-describedby=\"woocommerce_loop_add_to_cart_link_describedby_3061\" data-quantity=\"1\" data-product_id=\"3061\" data-product_sku=\"\" class=\"button product_type_variable add_to_cart_button\" ><i class=\"p-icon icon-bag2\" rel=\"tooltip\" data-original-title=\"Wybierz opcje\"><\/i><span class=\"add-to-cart-text\">Wybierz opcje<\/span><\/a>\n\t<span id=\"woocommerce_loop_add_to_cart_link_describedby_3061\" class=\"screen-reader-text\">\n\t\tTen produkt ma wiele wariant\u00f3w. Opcje mo\u017cna wybra\u0107 na stronie produktu\t<\/span>\n\t<\/div>\n<\/li>\n<li class=\"product type-product post-3065 status-publish last instock product_cat-uncategorized has-post-thumbnail shipping-taxable purchasable product-type-variable\">\n\t<a href=\"https:\/\/ekapelusze.pl\/?product=kapelusz-vintage-nomad-z-filcu-z-piorami-i-nadrukiem-etnicznym-copy-4\" class=\"woocommerce-LoopProduct-link woocommerce-loop-product__link\">\t<div class=\"un-product-thumbnail\">\n\t\t<img loading=\"lazy\" decoding=\"async\" width=\"300\" height=\"300\" src=\"https:\/\/ekapelusze.pl\/wp-content\/uploads\/2025\/06\/d17070d3-1788-42f6-86c4-f6ef2ccc3579-300x300.webp\" class=\"attachment-woocommerce_thumbnail size-woocommerce_thumbnail\" alt=\"Kapelusz &quot;Vintage Nomad&quot; \u2013 z filcu z pi\u00f3rami i nadrukiem etnicznym (Copy)\" srcset=\"https:\/\/ekapelusze.pl\/wp-content\/uploads\/2025\/06\/d17070d3-1788-42f6-86c4-f6ef2ccc3579-300x300.webp 300w, https:\/\/ekapelusze.pl\/wp-content\/uploads\/2025\/06\/d17070d3-1788-42f6-86c4-f6ef2ccc3579-150x150.webp 150w, https:\/\/ekapelusze.pl\/wp-content\/uploads\/2025\/06\/d17070d3-1788-42f6-86c4-f6ef2ccc3579-768x768.webp 768w, https:\/\/ekapelusze.pl\/wp-content\/uploads\/2025\/06\/d17070d3-1788-42f6-86c4-f6ef2ccc3579-370x370.webp 370w, https:\/\/ekapelusze.pl\/wp-content\/uploads\/2025\/06\/d17070d3-1788-42f6-86c4-f6ef2ccc3579-540x540.webp 540w, https:\/\/ekapelusze.pl\/wp-content\/uploads\/2025\/06\/d17070d3-1788-42f6-86c4-f6ef2ccc3579-600x600.webp 600w, https:\/\/ekapelusze.pl\/wp-content\/uploads\/2025\/06\/d17070d3-1788-42f6-86c4-f6ef2ccc3579-100x100.webp 100w, https:\/\/ekapelusze.pl\/wp-content\/uploads\/2025\/06\/d17070d3-1788-42f6-86c4-f6ef2ccc3579.webp 800w\" sizes=\"auto, (max-width: 300px) 100vw, 300px\" \/>\t<\/div>\n\t<div class=\"un-product-details\">\n\t\t<h2 class=\"woocommerce-loop-product__title\">Kapelusz &#8222;Vintage Nomad&#8221; \u2013 z filcu z pi\u00f3rami i nadrukiem etnicznym (Copy)<\/h2>\n\t<span class=\"price\"><span class=\"woocommerce-Price-amount amount\"><bdi>120,00&nbsp;<span class=\"woocommerce-Price-currencySymbol\">&#122;&#322;<\/span><\/bdi><\/span><\/span>\n<\/a><a rel=\"nofollow\"  href=\"https:\/\/ekapelusze.pl\/?product=kapelusz-vintage-nomad-z-filcu-z-piorami-i-nadrukiem-etnicznym-copy-4\" aria-describedby=\"woocommerce_loop_add_to_cart_link_describedby_3065\" data-quantity=\"1\" data-product_id=\"3065\" data-product_sku=\"\" class=\"button product_type_variable add_to_cart_button\" ><i class=\"p-icon icon-bag2\" rel=\"tooltip\" data-original-title=\"Wybierz opcje\"><\/i><span class=\"add-to-cart-text\">Wybierz opcje<\/span><\/a>\n\t<span id=\"woocommerce_loop_add_to_cart_link_describedby_3065\" class=\"screen-reader-text\">\n\t\tTen produkt ma wiele wariant\u00f3w. Opcje mo\u017cna wybra\u0107 na stronie produktu\t<\/span>\n\t<\/div>\n<\/li>\n<\/ul>\n<\/div>[\/vc_column][\/vc_row]<\/p>\n<\/div>","protected":false},"excerpt":{"rendered":"<p>[vc_row full_width=&#8221;stretch_row_content_no_spaces&#8221;][vc_column][\/vc_column][\/vc_row][vc_row][vc_column][vc_empty_space height=&#8221;0px&#8221; el_class=&#8221;no-margin-mobile&#8221; css=&#8221;.vc_custom_1749795705526{margin-top: 70px !important;}&#8221;][\/vc_column][\/vc_row][vc_row][vc_column][vc_separator color=&#8221;custom&#8221; accent_color=&#8221;#e1e1e1&#8243;][\/vc_column][\/vc_row]<\/p>\n","protected":false},"author":1,"featured_media":0,"parent":0,"menu_order":0,"comment_status":"closed","ping_status":"closed","template":"template-homepage.php","meta":{"footnotes":""},"class_list":["post-2576","page","type-page","status-publish","hentry"],"_links":{"self":[{"href":"https:\/\/ekapelusze.pl\/index.php?rest_route=\/wp\/v2\/pages\/2576","targetHints":{"allow":["GET"]}}],"collection":[{"href":"https:\/\/ekapelusze.pl\/index.php?rest_route=\/wp\/v2\/pages"}],"about":[{"href":"https:\/\/ekapelusze.pl\/index.php?rest_route=\/wp\/v2\/types\/page"}],"author":[{"embeddable":true,"href":"https:\/\/ekapelusze.pl\/index.php?rest_route=\/wp\/v2\/users\/1"}],"replies":[{"embeddable":true,"href":"https:\/\/ekapelusze.pl\/index.php?rest_route=%2Fwp%2Fv2%2Fcomments&post=2576"}],"version-history":[{"count":30,"href":"https:\/\/ekapelusze.pl\/index.php?rest_route=\/wp\/v2\/pages\/2576\/revisions"}],"predecessor-version":[{"id":3052,"href":"https:\/\/ekapelusze.pl\/index.php?rest_route=\/wp\/v2\/pages\/2576\/revisions\/3052"}],"wp:attachment":[{"href":"https:\/\/ekapelusze.pl\/index.php?rest_route=%2Fwp%2Fv2%2Fmedia&parent=2576"}],"curies":[{"name":"wp","href":"https:\/\/api.w.org\/{rel}","templated":true}]}}